{"id":568,"date":"2023-05-29T06:26:27","date_gmt":"2023-05-29T06:26:27","guid":{"rendered":"http:\/\/clubofhohenheim.com\/?page_id=568"},"modified":"2025-07-03T19:01:57","modified_gmt":"2025-07-03T19:01:57","slug":"verein","status":"publish","type":"page","link":"https:\/\/clubofhohenheim.com\/en\/verein\/","title":{"rendered":"Club"},"content":{"rendered":"<div data-elementor-type=\"wp-page\" data-elementor-id=\"568\" class=\"elementor elementor-568\">\n\t\t\t\t\t\t\t\t\t<section class=\"elementor-section elementor-top-section elementor-element elementor-element-5131a13e elementor-section-boxed elementor-section-height-default elementor-section-height-default\" data-id=\"5131a13e\" data-element_type=\"section\" data-settings=\"{&quot;background_background&quot;:&quot;classic&quot;}\">\n\t\t\t\t\t\t\t<div class=\"elementor-background-overlay\"><\/div>\n\t\t\t\t\t\t\t<div class=\"elementor-container elementor-column-gap-default\">\n\t\t\t\t\t<div class=\"elementor-column elementor-col-100 elementor-top-column elementor-element elementor-element-1053ca7a\" data-id=\"1053ca7a\" data-element_type=\"column\">\n\t\t\t<div class=\"elementor-widget-wrap elementor-element-populated\">\n\t\t\t\t\t\t\t\t<div class=\"elementor-element elementor-element-3d99e122 elementor-widget elementor-widget-heading\" data-id=\"3d99e122\" data-element_type=\"widget\" data-widget_type=\"heading.default\">\n\t\t\t\t<div class=\"elementor-widget-container\">\n\t\t\t<style>\/*! elementor - v3.16.0 - 14-09-2023 *\/\n.elementor-heading-title{padding:0;margin:0;line-height:1}.elementor-widget-heading .elementor-heading-title[class*=elementor-size-]>a{color:inherit;font-size:inherit;line-height:inherit}.elementor-widget-heading .elementor-heading-title.elementor-size-small{font-size:15px}.elementor-widget-heading .elementor-heading-title.elementor-size-medium{font-size:19px}.elementor-widget-heading .elementor-heading-title.elementor-size-large{font-size:29px}.elementor-widget-heading .elementor-heading-title.elementor-size-xl{font-size:39px}.elementor-widget-heading .elementor-heading-title.elementor-size-xxl{font-size:59px}<\/style><h1 class=\"elementor-heading-title elementor-size-default\">Our club<\/h1>\t\t<\/div>\n\t\t\t\t<\/div>\n\t\t\t\t<div class=\"elementor-element elementor-element-3c55e70 elementor-widget elementor-widget-heading\" data-id=\"3c55e70\" data-element_type=\"widget\" data-widget_type=\"heading.default\">\n\t\t\t\t<div class=\"elementor-widget-container\">\n\t\t\t<h4 class=\"elementor-heading-title elementor-size-default\">Here you will find everything you need to know about us as a club<\/h4>\t\t<\/div>\n\t\t\t\t<\/div>\n\t\t\t\t\t<\/div>\n\t\t<\/div>\n\t\t\t\t\t\t\t<\/div>\n\t\t<\/section>\n\t\t\t\t<section class=\"elementor-section elementor-top-section elementor-element elementor-element-40177ae0 elementor-section-boxed elementor-section-height-default elementor-section-height-default\" data-id=\"40177ae0\" data-element_type=\"section\">\n\t\t\t\t\t\t<div class=\"elementor-container elementor-column-gap-no\">\n\t\t\t\t\t<div class=\"elementor-column elementor-col-50 elementor-top-column elementor-element elementor-element-2828f573\" data-id=\"2828f573\" data-element_type=\"column\">\n\t\t\t<div class=\"elementor-widget-wrap elementor-element-populated\">\n\t\t\t\t\t\t\t\t<div class=\"elementor-element elementor-element-68afc23b elementor-widget elementor-widget-heading\" data-id=\"68afc23b\" data-element_type=\"widget\" data-widget_type=\"heading.default\">\n\t\t\t\t<div class=\"elementor-widget-container\">\n\t\t\t<h2 class=\"elementor-heading-title elementor-size-default\">Statutes of the Club of Hohenheim e.V.<\/h2>\t\t<\/div>\n\t\t\t\t<\/div>\n\t\t\t\t\t<\/div>\n\t\t<\/div>\n\t\t\t\t<div class=\"elementor-column elementor-col-50 elementor-top-column elementor-element elementor-element-48096891\" data-id=\"48096891\" data-element_type=\"column\">\n\t\t\t<div class=\"elementor-widget-wrap elementor-element-populated\">\n\t\t\t\t\t\t\t\t<div class=\"elementor-element elementor-element-44ce5982 elementor-widget elementor-widget-text-editor\" data-id=\"44ce5982\" data-element_type=\"widget\" data-widget_type=\"text-editor.default\">\n\t\t\t\t<div class=\"elementor-widget-container\">\n\t\t\t<style>\/*! elementor - v3.16.0 - 14-09-2023 *\/\n.elementor-widget-text-editor.elementor-drop-cap-view-stacked .elementor-drop-cap{background-color:#69727d;color:#fff}.elementor-widget-text-editor.elementor-drop-cap-view-framed .elementor-drop-cap{color:#69727d;border:3px solid;background-color:transparent}.elementor-widget-text-editor:not(.elementor-drop-cap-view-default) .elementor-drop-cap{margin-top:8px}.elementor-widget-text-editor:not(.elementor-drop-cap-view-default) .elementor-drop-cap-letter{width:1em;height:1em}.elementor-widget-text-editor .elementor-drop-cap{float:left;text-align:center;line-height:1;font-size:50px}.elementor-widget-text-editor .elementor-drop-cap-letter{display:inline-block}<\/style>\t\t\t\t\t\t\t\t\t\t<\/div>\n\t\t\t\t<\/div>\n\t\t\t\t<div class=\"elementor-element elementor-element-640b394 elementor-widget elementor-widget-text-editor\" data-id=\"640b394\" data-element_type=\"widget\" data-widget_type=\"text-editor.default\">\n\t\t\t\t<div class=\"elementor-widget-container\">\n\t\t\t\t\t\t\t<p>We are always looking for dedicated new members. Therefore, do not hesitate to contact us, even if the application period is not yet open.<\/p>\t\t\t\t\t\t<\/div>\n\t\t\t\t<\/div>\n\t\t\t\t<div class=\"elementor-element elementor-element-10699b3 elementor-widget elementor-widget-html\" data-id=\"10699b3\" data-element_type=\"widget\" data-widget_type=\"html.default\">\n\t\t\t\t<div class=\"elementor-widget-container\">\n\t\t\t<ul>\n    <li>\n    <a href=\"http:\/\/clubofhohenheim.com\/wp-content\/uploads\/2023\/05\/CoH-Satzung-2022-06-03.pdf\" download=\"Satzung\">Articles of Association (as of June 2022)<\/a> <\/li>\n   <li>\n<a href=\"http:\/\/clubofhohenheim.com\/wp-content\/uploads\/2023\/05\/CoH-Mitgliedsantrag.pdf\" download=\"CoH-Mitgliedsantrag\">Membership application<\/a>\n<\/li>\n<\/ul>\n\t\t<\/div>\n\t\t\t\t<\/div>\n\t\t\t\t<div class=\"elementor-element elementor-element-aca541e elementor-align-center elementor-widget elementor-widget-button\" data-id=\"aca541e\" data-element_type=\"widget\" data-widget_type=\"button.default\">\n\t\t\t\t<div class=\"elementor-widget-container\">\n\t\t\t\t\t<div class=\"elementor-button-wrapper\">\n\t\t\t<a class=\"elementor-button elementor-button-link elementor-size-xl\" href=\"https:\/\/clubofhohenheim.com\/en\/verein\/mitgliedschaftsantrag\/\">\n\t\t\t\t\t\t<span class=\"elementor-button-content-wrapper\">\n\t\t\t\t\t\t<span class=\"elementor-button-text\">Online Membership application<\/span>\n\t\t<\/span>\n\t\t\t\t\t<\/a>\n\t\t<\/div>\n\t\t\t\t<\/div>\n\t\t\t\t<\/div>\n\t\t\t\t\t<\/div>\n\t\t<\/div>\n\t\t\t\t\t\t\t<\/div>\n\t\t<\/section>\n\t\t\t\t<section class=\"elementor-section elementor-top-section elementor-element elementor-element-311c916 elementor-section-boxed elementor-section-height-default elementor-section-height-default\" data-id=\"311c916\" data-element_type=\"section\">\n\t\t\t\t\t\t<div class=\"elementor-container elementor-column-gap-default\">\n\t\t\t\t\t<div class=\"elementor-column elementor-col-100 elementor-top-column elementor-element elementor-element-8bec088\" data-id=\"8bec088\" data-element_type=\"column\">\n\t\t\t<div class=\"elementor-widget-wrap elementor-element-populated\">\n\t\t\t\t\t\t\t\t<div class=\"elementor-element elementor-element-d9edb29 elementor-widget elementor-widget-heading\" data-id=\"d9edb29\" data-element_type=\"widget\" data-widget_type=\"heading.default\">\n\t\t\t\t<div class=\"elementor-widget-container\">\n\t\t\t<h2 class=\"elementor-heading-title elementor-size-default\">Vorstand<\/h2>\t\t<\/div>\n\t\t\t\t<\/div>\n\t\t\t\t<div class=\"elementor-element elementor-element-338c977 elementor-widget elementor-widget-premium-addon-person\" data-id=\"338c977\" data-element_type=\"widget\" data-settings=\"{&quot;persons_per_row&quot;:&quot;33.33%&quot;,&quot;persons_per_row_tablet&quot;:&quot;100%&quot;,&quot;persons_per_row_mobile&quot;:&quot;100%&quot;}\" data-widget_type=\"premium-addon-person.default\">\n\t\t\t\t<div class=\"elementor-widget-container\">\n\t\t\t\t\t<div class=\"premium-persons-container premium-person-style2 multiple-persons\" data-persons-equal=\"yes\">\r\n\t\t\t\t\t\t\t\t<div class=\"premium-person-container premium-person-zoomin-effect\">\r\n\t\t\t\t\t\t<div class=\"premium-person-image-container\">\r\n\t\t\t\t\t\t\t<img decoding=\"async\" width=\"1667\" height=\"2500\" src=\"https:\/\/clubofhohenheim.com\/wp-content\/uploads\/2023\/06\/IMG_4276.jpg\" class=\"attachment-full size-full wp-image-811\" alt=\"\" loading=\"lazy\" srcset=\"https:\/\/clubofhohenheim.com\/wp-content\/uploads\/2023\/06\/IMG_4276.jpg 1667w, https:\/\/clubofhohenheim.com\/wp-content\/uploads\/2023\/06\/IMG_4276-200x300.jpg 200w, https:\/\/clubofhohenheim.com\/wp-content\/uploads\/2023\/06\/IMG_4276-683x1024.jpg 683w, https:\/\/clubofhohenheim.com\/wp-content\/uploads\/2023\/06\/IMG_4276-768x1152.jpg 768w, https:\/\/clubofhohenheim.com\/wp-content\/uploads\/2023\/06\/IMG_4276-1024x1536.jpg 1024w, https:\/\/clubofhohenheim.com\/wp-content\/uploads\/2023\/06\/IMG_4276-1366x2048.jpg 1366w\" sizes=\"(max-width: 1667px) 100vw, 1667px\" \/>\t\t\t\t\t\t\t\t\t\t\t\t\t<\/div>\r\n\t\t\t\t\t\t<div class=\"premium-person-info\">\r\n\t\t\t\t\t\t\t\t\t\t<div class=\"premium-person-info-container\">\r\n\t\t\t\t\t\t\t\t\t<h2 class=\"premium-person-name\">\r\n\t\t\t\t\t\tAnna-Maria G\u00f6tzke\t\t\t\t\t<\/h2>\r\n\t\t\t\t\t\t\t\t\t\t\t<h4 class=\"premium-person-title\">\r\n\t\t\t\t\t\t\t<span>1. board of directors<\/span>\r\n\t\t\t\t\t\t<\/h4>\r\n\t\t\t\t\t\t\t\t<\/div>\r\n\t\t\t\t\t\t\t\t\t<\/div>\r\n\t\t\t\t\t<\/div>\r\n\t\t\t\t\t\t\t\t\t\t<div class=\"premium-person-container premium-person-zoomin-effect\">\r\n\t\t\t\t\t\t<div class=\"premium-person-image-container\">\r\n\t\t\t\t\t\t\t<img decoding=\"async\" width=\"1440\" height=\"2560\" src=\"https:\/\/clubofhohenheim.com\/wp-content\/uploads\/2025\/06\/IMG_7779-scaled.jpg\" class=\"attachment-full size-full wp-image-1062\" alt=\"\" loading=\"lazy\" srcset=\"https:\/\/clubofhohenheim.com\/wp-content\/uploads\/2025\/06\/IMG_7779-scaled.jpg 1440w, https:\/\/clubofhohenheim.com\/wp-content\/uploads\/2025\/06\/IMG_7779-169x300.jpg 169w, https:\/\/clubofhohenheim.com\/wp-content\/uploads\/2025\/06\/IMG_7779-576x1024.jpg 576w, https:\/\/clubofhohenheim.com\/wp-content\/uploads\/2025\/06\/IMG_7779-768x1365.jpg 768w, https:\/\/clubofhohenheim.com\/wp-content\/uploads\/2025\/06\/IMG_7779-864x1536.jpg 864w, https:\/\/clubofhohenheim.com\/wp-content\/uploads\/2025\/06\/IMG_7779-1152x2048.jpg 1152w, https:\/\/clubofhohenheim.com\/wp-content\/uploads\/2025\/06\/IMG_7779-7x12.jpg 7w\" sizes=\"(max-width: 1440px) 100vw, 1440px\" \/>\t\t\t\t\t\t\t\t\t\t\t\t\t<\/div>\r\n\t\t\t\t\t\t<div class=\"premium-person-info\">\r\n\t\t\t\t\t\t\t\t\t\t<div class=\"premium-person-info-container\">\r\n\t\t\t\t\t\t\t\t\t<h2 class=\"premium-person-name\">\r\n\t\t\t\t\t\tNilay Turhan\t\t\t\t\t<\/h2>\r\n\t\t\t\t\t\t\t\t\t\t\t<h4 class=\"premium-person-title\">\r\n\t\t\t\t\t\t\t<span>2. board of directors<\/span>\r\n\t\t\t\t\t\t<\/h4>\r\n\t\t\t\t\t\t\t\t<\/div>\r\n\t\t\t\t\t\t\t\t\t<\/div>\r\n\t\t\t\t\t<\/div>\r\n\t\t\t\t\t\t\t\t\t\t<div class=\"premium-person-container premium-person-zoomin-effect\">\r\n\t\t\t\t\t\t<div class=\"premium-person-image-container\">\r\n\t\t\t\t\t\t\t<img decoding=\"async\" width=\"1707\" height=\"2560\" src=\"https:\/\/clubofhohenheim.com\/wp-content\/uploads\/2024\/07\/IMG_8673-scaled.jpg\" class=\"attachment-full size-full wp-image-1033\" alt=\"\" loading=\"lazy\" srcset=\"https:\/\/clubofhohenheim.com\/wp-content\/uploads\/2024\/07\/IMG_8673-scaled.jpg 1707w, https:\/\/clubofhohenheim.com\/wp-content\/uploads\/2024\/07\/IMG_8673-200x300.jpg 200w, https:\/\/clubofhohenheim.com\/wp-content\/uploads\/2024\/07\/IMG_8673-683x1024.jpg 683w, https:\/\/clubofhohenheim.com\/wp-content\/uploads\/2024\/07\/IMG_8673-768x1152.jpg 768w, https:\/\/clubofhohenheim.com\/wp-content\/uploads\/2024\/07\/IMG_8673-1024x1536.jpg 1024w, https:\/\/clubofhohenheim.com\/wp-content\/uploads\/2024\/07\/IMG_8673-1365x2048.jpg 1365w, https:\/\/clubofhohenheim.com\/wp-content\/uploads\/2024\/07\/IMG_8673-8x12.jpg 8w\" sizes=\"(max-width: 1707px) 100vw, 1707px\" \/>\t\t\t\t\t\t\t\t\t\t\t\t\t<\/div>\r\n\t\t\t\t\t\t<div class=\"premium-person-info\">\r\n\t\t\t\t\t\t\t\t\t\t<div class=\"premium-person-info-container\">\r\n\t\t\t\t\t\t\t\t\t<h2 class=\"premium-person-name\">\r\n\t\t\t\t\t\tJohannes Franke\t\t\t\t\t<\/h2>\r\n\t\t\t\t\t\t\t\t\t\t\t<h4 class=\"premium-person-title\">\r\n\t\t\t\t\t\t\t<span>Chief Financial Officer<\/span>\r\n\t\t\t\t\t\t<\/h4>\r\n\t\t\t\t\t\t\t\t<\/div>\r\n\t\t\t\t\t\t\t\t\t<\/div>\r\n\t\t\t\t\t<\/div>\r\n\t\t\t\t\t\t\t<\/div>\r\n\t\t\t\t<\/div>\n\t\t\t\t<\/div>\n\t\t\t\t\t<\/div>\n\t\t<\/div>\n\t\t\t\t\t\t\t<\/div>\n\t\t<\/section>\n\t\t\t\t\t\t\t<\/div>","protected":false},"excerpt":{"rendered":"<p>Unser Verein Hier findest du alles, was du \u00fcber uns als Verein wissen musst Satzung des Club of Hohenheim e.V. Wir sind immer auf der Suche nach engagierten neuen Mitgliedern. Deswegen z\u00f6gere nicht mit uns Kontakt aufzunehmen, auch wenn die Bewerbungsphase noch nicht er\u00f6ffnet ist. Satzung (Stand Juni 2022) Mitgliedsantrag Online Mitgliedsantrag Vorstand Anna-Maria G\u00f6tzke &hellip;<\/p>\n<p class=\"read-more\"> <a class=\"\" href=\"https:\/\/clubofhohenheim.com\/en\/verein\/\"> <span class=\"screen-reader-text\">Club<\/span> Read More &raquo;<\/a><\/p>","protected":false},"author":1,"featured_media":0,"parent":0,"menu_order":0,"comment_status":"closed","ping_status":"closed","template":"","meta":{"site-sidebar-layout":"no-sidebar","site-content-layout":"page-builder","ast-global-header-display":"","ast-banner-title-visibility":"","ast-main-header-display":"","ast-hfb-above-header-display":"","ast-hfb-below-header-display":"","ast-hfb-mobile-header-display":"","site-post-title":"disabled","ast-breadcrumbs-content":"","ast-featured-img":"","footer-sml-layout":"","theme-transparent-header-meta":"enabled","adv-header-id-meta":"","stick-header-meta":"","header-above-stick-meta":"","header-main-stick-meta":"","header-below-stick-meta":""},"_links":{"self":[{"href":"https:\/\/clubofhohenheim.com\/en\/wp-json\/wp\/v2\/pages\/568"}],"collection":[{"href":"https:\/\/clubofhohenheim.com\/en\/wp-json\/wp\/v2\/pages"}],"about":[{"href":"https:\/\/clubofhohenheim.com\/en\/wp-json\/wp\/v2\/types\/page"}],"author":[{"embeddable":true,"href":"https:\/\/clubofhohenheim.com\/en\/wp-json\/wp\/v2\/users\/1"}],"replies":[{"embeddable":true,"href":"https:\/\/clubofhohenheim.com\/en\/wp-json\/wp\/v2\/comments?post=568"}],"version-history":[{"count":61,"href":"https:\/\/clubofhohenheim.com\/en\/wp-json\/wp\/v2\/pages\/568\/revisions"}],"predecessor-version":[{"id":1111,"href":"https:\/\/clubofhohenheim.com\/en\/wp-json\/wp\/v2\/pages\/568\/revisions\/1111"}],"wp:attachment":[{"href":"https:\/\/clubofhohenheim.com\/en\/wp-json\/wp\/v2\/media?parent=568"}],"curies":[{"name":"wp","href":"https:\/\/api.w.org\/{rel}","templated":true}]}}