{"id":384,"date":"2023-05-28T07:56:21","date_gmt":"2023-05-28T07:56:21","guid":{"rendered":"http:\/\/clubofhohenheim.com\/?page_id=384"},"modified":"2025-07-03T19:00:37","modified_gmt":"2025-07-03T19:00:37","slug":"hohenheimer-kreis","status":"publish","type":"page","link":"https:\/\/clubofhohenheim.com\/en\/hohenheimer-kreis\/","title":{"rendered":"Hohenheimer Kreis"},"content":{"rendered":"<div data-elementor-type=\"wp-page\" data-elementor-id=\"384\" class=\"elementor elementor-384\">\n\t\t\t\t\t\t\t\t\t<section class=\"elementor-section elementor-top-section elementor-element elementor-element-5131a13e elementor-section-boxed elementor-section-height-default elementor-section-height-default\" data-id=\"5131a13e\" data-element_type=\"section\" data-settings=\"{&quot;background_background&quot;:&quot;classic&quot;}\">\n\t\t\t\t\t\t\t<div class=\"elementor-background-overlay\"><\/div>\n\t\t\t\t\t\t\t<div class=\"elementor-container elementor-column-gap-default\">\n\t\t\t\t\t<div class=\"elementor-column elementor-col-100 elementor-top-column elementor-element elementor-element-1053ca7a\" data-id=\"1053ca7a\" data-element_type=\"column\">\n\t\t\t<div class=\"elementor-widget-wrap elementor-element-populated\">\n\t\t\t\t\t\t\t\t<div class=\"elementor-element elementor-element-3d99e122 elementor-widget elementor-widget-heading\" data-id=\"3d99e122\" data-element_type=\"widget\" data-widget_type=\"heading.default\">\n\t\t\t\t<div class=\"elementor-widget-container\">\n\t\t\t<style>\/*! elementor - v3.16.0 - 14-09-2023 *\/\n.elementor-heading-title{padding:0;margin:0;line-height:1}.elementor-widget-heading .elementor-heading-title[class*=elementor-size-]>a{color:inherit;font-size:inherit;line-height:inherit}.elementor-widget-heading .elementor-heading-title.elementor-size-small{font-size:15px}.elementor-widget-heading .elementor-heading-title.elementor-size-medium{font-size:19px}.elementor-widget-heading .elementor-heading-title.elementor-size-large{font-size:29px}.elementor-widget-heading .elementor-heading-title.elementor-size-xl{font-size:39px}.elementor-widget-heading .elementor-heading-title.elementor-size-xxl{font-size:59px}<\/style><h1 class=\"elementor-heading-title elementor-size-default\">Hohenheimer Kreis<\/h1>\t\t<\/div>\n\t\t\t\t<\/div>\n\t\t\t\t\t<\/div>\n\t\t<\/div>\n\t\t\t\t\t\t\t<\/div>\n\t\t<\/section>\n\t\t\t\t<section class=\"elementor-section elementor-top-section elementor-element elementor-element-40177ae0 elementor-section-boxed elementor-section-height-default elementor-section-height-default\" data-id=\"40177ae0\" data-element_type=\"section\">\n\t\t\t\t\t\t<div class=\"elementor-container elementor-column-gap-no\">\n\t\t\t\t\t<div class=\"elementor-column elementor-col-50 elementor-top-column elementor-element elementor-element-2828f573\" data-id=\"2828f573\" data-element_type=\"column\">\n\t\t\t<div class=\"elementor-widget-wrap elementor-element-populated\">\n\t\t\t\t\t\t\t\t<div class=\"elementor-element elementor-element-68afc23b elementor-widget elementor-widget-heading\" data-id=\"68afc23b\" data-element_type=\"widget\" data-widget_type=\"heading.default\">\n\t\t\t\t<div class=\"elementor-widget-container\">\n\t\t\t<h2 class=\"elementor-heading-title elementor-size-default\">What is the Hohenheim Circle?<\/h2>\t\t<\/div>\n\t\t\t\t<\/div>\n\t\t\t\t\t<\/div>\n\t\t<\/div>\n\t\t\t\t<div class=\"elementor-column elementor-col-50 elementor-top-column elementor-element elementor-element-48096891\" data-id=\"48096891\" data-element_type=\"column\">\n\t\t\t<div class=\"elementor-widget-wrap elementor-element-populated\">\n\t\t\t\t\t\t\t\t<div class=\"elementor-element elementor-element-44ce5982 elementor-widget elementor-widget-text-editor\" data-id=\"44ce5982\" data-element_type=\"widget\" data-widget_type=\"text-editor.default\">\n\t\t\t\t<div class=\"elementor-widget-container\">\n\t\t\t<style>\/*! elementor - v3.16.0 - 14-09-2023 *\/\n.elementor-widget-text-editor.elementor-drop-cap-view-stacked .elementor-drop-cap{background-color:#69727d;color:#fff}.elementor-widget-text-editor.elementor-drop-cap-view-framed .elementor-drop-cap{color:#69727d;border:3px solid;background-color:transparent}.elementor-widget-text-editor:not(.elementor-drop-cap-view-default) .elementor-drop-cap{margin-top:8px}.elementor-widget-text-editor:not(.elementor-drop-cap-view-default) .elementor-drop-cap-letter{width:1em;height:1em}.elementor-widget-text-editor .elementor-drop-cap{float:left;text-align:center;line-height:1;font-size:50px}.elementor-widget-text-editor .elementor-drop-cap-letter{display:inline-block}<\/style>\t\t\t\t<p>Once or twice a year, the Club of Hohenheim organizes the\u00a0<strong>Hohenheimer Kreis<\/strong><\/p>\t\t\t\t\t\t<\/div>\n\t\t\t\t<\/div>\n\t\t\t\t<div class=\"elementor-element elementor-element-e56ab06 elementor-widget elementor-widget-text-editor\" data-id=\"e56ab06\" data-element_type=\"widget\" data-widget_type=\"text-editor.default\">\n\t\t\t\t<div class=\"elementor-widget-container\">\n\t\t\t\t\t\t\t<p>This is a series of lectures with high-ranking representatives from national and international politics, at which current topics are discussed. The events are free of charge and take place on the premises of the University of Hohenheim or the University of Stuttgart.<\/p>\t\t\t\t\t\t<\/div>\n\t\t\t\t<\/div>\n\t\t\t\t\t<\/div>\n\t\t<\/div>\n\t\t\t\t\t\t\t<\/div>\n\t\t<\/section>\n\t\t\t\t<section class=\"elementor-section elementor-top-section elementor-element elementor-element-8fa6403 elementor-section-boxed elementor-section-height-default elementor-section-height-default\" data-id=\"8fa6403\" data-element_type=\"section\">\n\t\t\t\t\t\t<div class=\"elementor-container elementor-column-gap-default\">\n\t\t\t\t\t<div class=\"elementor-column elementor-col-100 elementor-top-column elementor-element elementor-element-ad925a2\" data-id=\"ad925a2\" data-element_type=\"column\">\n\t\t\t<div class=\"elementor-widget-wrap elementor-element-populated\">\n\t\t\t\t\t\t\t\t<div class=\"elementor-element elementor-element-4e46878 elementor-widget elementor-widget-heading\" data-id=\"4e46878\" data-element_type=\"widget\" data-widget_type=\"heading.default\">\n\t\t\t\t<div class=\"elementor-widget-container\">\n\t\t\t<h2 class=\"elementor-heading-title elementor-size-default\">Past events<\/h2>\t\t<\/div>\n\t\t\t\t<\/div>\n\t\t\t\t<div class=\"elementor-element elementor-element-edb9528 premium-blog-align-left elementor-widget elementor-widget-premium-addon-blog\" data-id=\"edb9528\" data-element_type=\"widget\" data-settings=\"{&quot;force_height&quot;:&quot;true&quot;,&quot;premium_blog_columns_number&quot;:&quot;33.33%&quot;,&quot;premium_blog_grid&quot;:&quot;yes&quot;,&quot;premium_blog_layout&quot;:&quot;even&quot;,&quot;premium_blog_columns_number_tablet&quot;:&quot;50%&quot;,&quot;premium_blog_columns_number_mobile&quot;:&quot;100%&quot;}\" data-widget_type=\"premium-addon-blog.default\">\n\t\t\t\t<div class=\"elementor-widget-container\">\n\t\t\t\r\n\t\t\t\t<div class=\"premium-blog-wrap  premium-blog-even\" data-page=\"384\">\r\n\t\t\t\t\t<div class=\"premium-blog-post-outer-container\" data-total=\"1\">\n\t\t\t<div class=\"premium-blog-post-container premium-blog-skin-classic\">\n\t\t\t\t\t\t\t\t\t<div class=\"premium-blog-thumb-effect-wrapper\">\n\t\t\t\t\t\t<div class=\"premium-blog-thumbnail-container premium-blog-zoomin-effect\">\n\t\t\t\t\t\t\t<img decoding=\"async\" width=\"1024\" height=\"768\" src=\"https:\/\/clubofhohenheim.com\/wp-content\/uploads\/2023\/06\/WhatsApp-Bild-2023-06-13-um-08.58.16.jpg\" class=\"attachment-full size-full wp-image-868\" alt=\"\" loading=\"lazy\" srcset=\"https:\/\/clubofhohenheim.com\/wp-content\/uploads\/2023\/06\/WhatsApp-Bild-2023-06-13-um-08.58.16.jpg 1024w, https:\/\/clubofhohenheim.com\/wp-content\/uploads\/2023\/06\/WhatsApp-Bild-2023-06-13-um-08.58.16-300x225.jpg 300w, https:\/\/clubofhohenheim.com\/wp-content\/uploads\/2023\/06\/WhatsApp-Bild-2023-06-13-um-08.58.16-768x576.jpg 768w\" sizes=\"(max-width: 1024px) 100vw, 1024px\" \/>\t\t\t\t\t\t<\/div>\n\t\t\t\t\t\t\t\t\t\t\t\t\t<div class=\"premium-blog-thumbnail-overlay\">\n\t\t\t\t\t\t\t\t<a class=\"elementor-icon\" href=\"https:\/\/clubofhohenheim.com\/en\/hohenheimer-kreis\/wie-wird-man-diplomat-von-stuttgart-in-die-weite-welt\/\" target=\"_self\" aria-hidden=\"true\"><span>How to become a diplomat | From Stuttgart to the wide world<\/span><\/a>\n\t\t\t\t\t\t\t<\/div>\n\t\t\t\t\t\t\t\t\t\t\t<\/div>\n\t\t\t\t\t\t\t\t\t\t\t\t<div class=\"premium-blog-content-wrapper\">\n\n\t\t\t\t\t<div class=\"premium-blog-inner-container\">\n\n\t\t\t\t\t\t\t\t\t\t\t\t\t\t<h2 class=\"premium-blog-entry-title\">\n\t\t\t<a href=\"https:\/\/clubofhohenheim.com\/en\/hohenheimer-kreis\/wie-wird-man-diplomat-von-stuttgart-in-die-weite-welt\/\" target=\"_self\">\n\t\t\t\tHow to become a diplomat | From Stuttgart to the wide world\t\t\t<\/a>\n\t\t<\/h2>\n\t\t\t\t<div class=\"premium-blog-entry-meta\">\n\t\t\t\n\t\t\t\n\t\t\t\n\t\t\t\t\t<\/div>\n\t\t\n\t\t\t\t\t<\/div>\n\n\t\t\t\t\t\t\t<div class=\"premium-blob-content-inner-wrapper\">\n\t\t<p class=\"premium-blog-post-content\">In cooperation with the DGVN, the Club of Hohenheim organized a panel discussion with Kai M\u00fcller-Berner on 07.06.2023. The event \"How to become ...<\/p>\t\t <\/div>\n\t\t \t\t\t\t\t\n\t\t\t\t<\/div>\n\t\t\t<\/div>\n\t\t<\/div>\n\n\t\t\t\t<div class=\"premium-blog-post-outer-container\" data-total=\"1\">\n\t\t\t<div class=\"premium-blog-post-container premium-blog-skin-classic\">\n\t\t\t\t\t\t\t\t\t<div class=\"premium-blog-thumb-effect-wrapper\">\n\t\t\t\t\t\t<div class=\"premium-blog-thumbnail-container premium-blog-zoomin-effect\">\n\t\t\t\t\t\t\t<img decoding=\"async\" width=\"1601\" height=\"1067\" src=\"https:\/\/clubofhohenheim.com\/wp-content\/uploads\/2023\/05\/picture-1600-25.jpg\" class=\"attachment-full size-full wp-image-558\" alt=\"\" loading=\"lazy\" srcset=\"https:\/\/clubofhohenheim.com\/wp-content\/uploads\/2023\/05\/picture-1600-25.jpg 1601w, https:\/\/clubofhohenheim.com\/wp-content\/uploads\/2023\/05\/picture-1600-25-300x200.jpg 300w, https:\/\/clubofhohenheim.com\/wp-content\/uploads\/2023\/05\/picture-1600-25-1024x682.jpg 1024w, https:\/\/clubofhohenheim.com\/wp-content\/uploads\/2023\/05\/picture-1600-25-768x512.jpg 768w, https:\/\/clubofhohenheim.com\/wp-content\/uploads\/2023\/05\/picture-1600-25-1536x1024.jpg 1536w\" sizes=\"(max-width: 1601px) 100vw, 1601px\" \/>\t\t\t\t\t\t<\/div>\n\t\t\t\t\t\t\t\t\t\t\t\t\t<div class=\"premium-blog-thumbnail-overlay\">\n\t\t\t\t\t\t\t\t<a class=\"elementor-icon\" href=\"https:\/\/clubofhohenheim.com\/en\/hohenheimer-kreis\/karriere-bei-den-vereinten-nationen\/\" target=\"_self\" aria-hidden=\"true\"><span>Career at the United Nations<\/span><\/a>\n\t\t\t\t\t\t\t<\/div>\n\t\t\t\t\t\t\t\t\t\t\t<\/div>\n\t\t\t\t\t\t\t\t\t\t\t\t<div class=\"premium-blog-content-wrapper\">\n\n\t\t\t\t\t<div class=\"premium-blog-inner-container\">\n\n\t\t\t\t\t\t\t\t\t\t\t\t\t\t<h2 class=\"premium-blog-entry-title\">\n\t\t\t<a href=\"https:\/\/clubofhohenheim.com\/en\/hohenheimer-kreis\/karriere-bei-den-vereinten-nationen\/\" target=\"_self\">\n\t\t\t\tCareer at the United Nations\t\t\t<\/a>\n\t\t<\/h2>\n\t\t\t\t<div class=\"premium-blog-entry-meta\">\n\t\t\t\n\t\t\t\n\t\t\t\n\t\t\t\t\t<\/div>\n\t\t\n\t\t\t\t\t<\/div>\n\n\t\t\t\t\t\t\t<div class=\"premium-blob-content-inner-wrapper\">\n\t\t<p class=\"premium-blog-post-content\">The Club of Hohenheim e.V. in cooperation with the German United Nations Association cordially invites all interested parties to a ...<\/p>\t\t <\/div>\n\t\t \t\t\t\t\t\n\t\t\t\t<\/div>\n\t\t\t<\/div>\n\t\t<\/div>\n\n\t\t\t\t<div class=\"premium-blog-post-outer-container\" data-total=\"1\">\n\t\t\t<div class=\"premium-blog-post-container premium-blog-skin-classic\">\n\t\t\t\t\t\t\t\t\t<div class=\"premium-blog-thumb-effect-wrapper\">\n\t\t\t\t\t\t<div class=\"premium-blog-thumbnail-container premium-blog-zoomin-effect\">\n\t\t\t\t\t\t\t<img decoding=\"async\" width=\"1601\" height=\"1067\" src=\"https:\/\/clubofhohenheim.com\/wp-content\/uploads\/2023\/05\/picture-1600-24.jpg\" class=\"attachment-full size-full wp-image-555\" alt=\"\" loading=\"lazy\" srcset=\"https:\/\/clubofhohenheim.com\/wp-content\/uploads\/2023\/05\/picture-1600-24.jpg 1601w, https:\/\/clubofhohenheim.com\/wp-content\/uploads\/2023\/05\/picture-1600-24-300x200.jpg 300w, https:\/\/clubofhohenheim.com\/wp-content\/uploads\/2023\/05\/picture-1600-24-1024x682.jpg 1024w, https:\/\/clubofhohenheim.com\/wp-content\/uploads\/2023\/05\/picture-1600-24-768x512.jpg 768w, https:\/\/clubofhohenheim.com\/wp-content\/uploads\/2023\/05\/picture-1600-24-1536x1024.jpg 1536w\" sizes=\"(max-width: 1601px) 100vw, 1601px\" \/>\t\t\t\t\t\t<\/div>\n\t\t\t\t\t\t\t\t\t\t\t\t\t<div class=\"premium-blog-thumbnail-overlay\">\n\t\t\t\t\t\t\t\t<a class=\"elementor-icon\" href=\"https:\/\/clubofhohenheim.com\/en\/hohenheimer-kreis\/deutschland-im-un-sicherheitsrat-moeglichkeiten-und-grenzen-vortrag-und-gespraech-mit-dr-ekkehard-griep\/\" target=\"_self\" aria-hidden=\"true\"><span>Germany in the UN Security Council: Possibilities and Limits | Lecture and discussion with Dr. Ekkehard Griep<\/span><\/a>\n\t\t\t\t\t\t\t<\/div>\n\t\t\t\t\t\t\t\t\t\t\t<\/div>\n\t\t\t\t\t\t\t\t\t\t\t\t<div class=\"premium-blog-content-wrapper\">\n\n\t\t\t\t\t<div class=\"premium-blog-inner-container\">\n\n\t\t\t\t\t\t\t\t\t\t\t\t\t\t<h2 class=\"premium-blog-entry-title\">\n\t\t\t<a href=\"https:\/\/clubofhohenheim.com\/en\/hohenheimer-kreis\/deutschland-im-un-sicherheitsrat-moeglichkeiten-und-grenzen-vortrag-und-gespraech-mit-dr-ekkehard-griep\/\" target=\"_self\">\n\t\t\t\tGermany in the UN Security Council: Possibilities and Limits | Lecture and discussion with Dr. Ekkehard Griep\t\t\t<\/a>\n\t\t<\/h2>\n\t\t\t\t<div class=\"premium-blog-entry-meta\">\n\t\t\t\n\t\t\t\n\t\t\t\n\t\t\t\t\t<\/div>\n\t\t\n\t\t\t\t\t<\/div>\n\n\t\t\t\t\t\t\t<div class=\"premium-blob-content-inner-wrapper\">\n\t\t<p class=\"premium-blog-post-content\">On the occasion of Germany's current membership in the UN Security Council, the Baden-W\u00fcrttemberg Regional Association of the German United Nations Association (DGVN) is organizing an event in ...<\/p>\t\t <\/div>\n\t\t \t\t\t\t\t\n\t\t\t\t<\/div>\n\t\t\t<\/div>\n\t\t<\/div>\n\n\t\t\t\t<\/div>\r\n\r\n\t\t\t\t<\/div>\n\t\t\t\t<\/div>\n\t\t\t\t\t<\/div>\n\t\t<\/div>\n\t\t\t\t\t\t\t<\/div>\n\t\t<\/section>\n\t\t\t\t\t\t\t<\/div>","protected":false},"excerpt":{"rendered":"<p>Hohenheimer Kreis Was ist der Hohenheimer Kreis? Ein- bis zweimal im Jahr veranstaltet der Club of Hohenheim den\u00a0Hohenheimer Kreis Dies ist&nbsp;eine Vortragsreihe mit hochrangigen Vertreter*innen aus nationaler und internationaler Politik, bei welcher aktuelle Themen diskutiert werden. Die Veranstaltungen sind kostenfrei und finden in den R\u00e4umlichkeiten der Universit\u00e4t Hohenheim oder der Universtit\u00e4t Stuttgart statt. Vergangene Events &hellip;<\/p>\n<p class=\"read-more\"> <a class=\"\" href=\"https:\/\/clubofhohenheim.com\/en\/hohenheimer-kreis\/deutschland-im-un-sicherheitsrat-moeglichkeiten-und-grenzen-vortrag-und-gespraech-mit-dr-ekkehard-griep\/\"> <span class=\"screen-reader-text\">Germany in the UN Security Council: Possibilities and Limits | Lecture and discussion with Dr. Ekkehard Griep<\/span> Read More &raquo;<\/a><\/p>","protected":false},"author":1,"featured_media":0,"parent":0,"menu_order":0,"comment_status":"closed","ping_status":"closed","template":"","meta":{"site-sidebar-layout":"no-sidebar","site-content-layout":"page-builder","ast-global-header-display":"","ast-banner-title-visibility":"","ast-main-header-display":"","ast-hfb-above-header-display":"","ast-hfb-below-header-display":"","ast-hfb-mobile-header-display":"","site-post-title":"disabled","ast-breadcrumbs-content":"","ast-featured-img":"","footer-sml-layout":"","theme-transparent-header-meta":"enabled","adv-header-id-meta":"","stick-header-meta":"","header-above-stick-meta":"","header-main-stick-meta":"","header-below-stick-meta":""},"_links":{"self":[{"href":"https:\/\/clubofhohenheim.com\/en\/wp-json\/wp\/v2\/pages\/384"}],"collection":[{"href":"https:\/\/clubofhohenheim.com\/en\/wp-json\/wp\/v2\/pages"}],"about":[{"href":"https:\/\/clubofhohenheim.com\/en\/wp-json\/wp\/v2\/types\/page"}],"author":[{"embeddable":true,"href":"https:\/\/clubofhohenheim.com\/en\/wp-json\/wp\/v2\/users\/1"}],"replies":[{"embeddable":true,"href":"https:\/\/clubofhohenheim.com\/en\/wp-json\/wp\/v2\/comments?post=384"}],"version-history":[{"count":41,"href":"https:\/\/clubofhohenheim.com\/en\/wp-json\/wp\/v2\/pages\/384\/revisions"}],"predecessor-version":[{"id":1108,"href":"https:\/\/clubofhohenheim.com\/en\/wp-json\/wp\/v2\/pages\/384\/revisions\/1108"}],"wp:attachment":[{"href":"https:\/\/clubofhohenheim.com\/en\/wp-json\/wp\/v2\/media?parent=384"}],"curies":[{"name":"wp","href":"https:\/\/api.w.org\/{rel}","templated":true}]}}